{"id":552,"date":"2022-11-30T18:23:17","date_gmt":"2022-11-30T17:23:17","guid":{"rendered":"https:\/\/alpha-academy.ch\/wordpress\/work\/"},"modified":"2023-01-07T00:05:12","modified_gmt":"2023-01-06T23:05:12","slug":"news","status":"publish","type":"page","link":"https:\/\/alpha-academy.ch\/wordpress\/news\/","title":{"rendered":"News"},"content":{"rendered":"\t\t<div data-elementor-type=\"wp-page\" data-elementor-id=\"552\" class=\"elementor elementor-552\" data-elementor-post-type=\"page\">\n\t\t\t\t\t\t<section class=\"elementor-section elementor-top-section elementor-element elementor-element-4138a8f elementor-section-boxed elementor-section-height-default elementor-section-height-default\" data-id=\"4138a8f\" data-element_type=\"section\" data-e-type=\"section\">\n\t\t\t\t\t\t<div class=\"elementor-container elementor-column-gap-no\">\n\t\t\t\t\t<div class=\"elementor-column elementor-col-100 elementor-top-column elementor-element elementor-element-3cc8cd57\" data-id=\"3cc8cd57\" data-element_type=\"column\" data-e-type=\"column\">\n\t\t\t<div class=\"elementor-widget-wrap elementor-element-populated\">\n\t\t\t\t\t\t<div class=\"elementor-element elementor-element-a7e3993 elementor-widget elementor-widget-heading\" data-id=\"a7e3993\" data-element_type=\"widget\" data-e-type=\"widget\" data-widget_type=\"heading.default\">\n\t\t\t\t<div class=\"elementor-widget-container\">\n\t\t\t\t\t<h1 class=\"elementor-heading-title elementor-size-default\">Big News<\/h1>\t\t\t\t<\/div>\n\t\t\t\t<\/div>\n\t\t\t\t<div class=\"elementor-element elementor-element-eee7fc1 elementor-widget elementor-widget-text-editor\" data-id=\"eee7fc1\" data-element_type=\"widget\" data-e-type=\"widget\" data-widget_type=\"text-editor.default\">\n\t\t\t\t<div class=\"elementor-widget-container\">\n\t\t\t\t\t\t\t\t\t<p>Dich interessiert was wir gemacht haben, was wir machen und was wir machen werden? Dann bist du hier genau richtig.<br \/>Mit unserem Blog wollen wir dir zeigen welche Projekte wir bew\u00e4ltigt haben und welche noch kommen.\u00a0<\/p><p>Wir w\u00fcnschen viel vergn\u00fcgen beim lesen.\u00a0<\/p>\t\t\t\t\t\t\t\t<\/div>\n\t\t\t\t<\/div>\n\t\t\t\t\t<\/div>\n\t\t<\/div>\n\t\t\t\t\t<\/div>\n\t\t<\/section>\n\t\t\t\t<section class=\"elementor-section elementor-top-section elementor-element elementor-element-36690b37 elementor-section-full_width elementor-section-height-default elementor-section-height-default\" data-id=\"36690b37\" data-element_type=\"section\" data-e-type=\"section\">\n\t\t\t\t\t\t<div class=\"elementor-container elementor-column-gap-no\">\n\t\t\t\t\t<div class=\"elementor-column elementor-col-100 elementor-top-column elementor-element elementor-element-25eac460\" data-id=\"25eac460\" data-element_type=\"column\" data-e-type=\"column\">\n\t\t\t<div class=\"elementor-widget-wrap elementor-element-populated\">\n\t\t\t\t\t\t<div class=\"elementor-element elementor-element-1fbe5c90 elementor-grid-2 elementor-posts--align-center elementor-grid-tablet-2 elementor-grid-mobile-1 elementor-posts--thumbnail-top elementor-widget elementor-widget-posts\" data-id=\"1fbe5c90\" data-element_type=\"widget\" data-e-type=\"widget\" data-settings=\"{&quot;classic_columns&quot;:&quot;2&quot;,&quot;classic_row_gap&quot;:{&quot;unit&quot;:&quot;px&quot;,&quot;size&quot;:80,&quot;sizes&quot;:[]},&quot;classic_columns_tablet&quot;:&quot;2&quot;,&quot;classic_columns_mobile&quot;:&quot;1&quot;,&quot;classic_row_gap_tablet&quot;:{&quot;unit&quot;:&quot;px&quot;,&quot;size&quot;:&quot;&quot;,&quot;sizes&quot;:[]},&quot;classic_row_gap_mobile&quot;:{&quot;unit&quot;:&quot;px&quot;,&quot;size&quot;:&quot;&quot;,&quot;sizes&quot;:[]}}\" data-widget_type=\"posts.classic\">\n\t\t\t\t<div class=\"elementor-widget-container\">\n\t\t\t\t\t\t\t<div class=\"elementor-posts-container elementor-posts elementor-posts--skin-classic elementor-grid\" role=\"list\">\n\t\t\t\t<article class=\"elementor-post elementor-grid-item post-1814 post type-post status-publish format-standard has-post-thumbnail hentry category-boxing\" role=\"listitem\">\n\t\t\t\t<a class=\"elementor-post__thumbnail__link\" href=\"https:\/\/alpha-academy.ch\/wordpress\/2025\/10\/07\/stark-im-team-rotary-club-zuerich-zu-gast-bei-der-alpha-boxing-academy\/\" tabindex=\"-1\" >\n\t\t\t<div class=\"elementor-post__thumbnail\"><img fetchpriority=\"high\" decoding=\"async\" width=\"1024\" height=\"1024\" src=\"https:\/\/alpha-academy.ch\/wordpress\/wp-content\/uploads\/2025\/09\/ChatGPT-Image-24.-Sept.-2025-22_49_35.png\" class=\"attachment-full size-full wp-image-1797\" alt=\"\" srcset=\"https:\/\/alpha-academy.ch\/wordpress\/wp-content\/uploads\/2025\/09\/ChatGPT-Image-24.-Sept.-2025-22_49_35.png 1024w, https:\/\/alpha-academy.ch\/wordpress\/wp-content\/uploads\/2025\/09\/ChatGPT-Image-24.-Sept.-2025-22_49_35-300x300.png 300w, https:\/\/alpha-academy.ch\/wordpress\/wp-content\/uploads\/2025\/09\/ChatGPT-Image-24.-Sept.-2025-22_49_35-150x150.png 150w\" sizes=\"(max-width: 1024px) 100vw, 1024px\" \/><\/div>\n\t\t<\/a>\n\t\t\t\t<div class=\"elementor-post__text\">\n\t\t\t\t<h3 class=\"elementor-post__title\">\n\t\t\t<a href=\"https:\/\/alpha-academy.ch\/wordpress\/2025\/10\/07\/stark-im-team-rotary-club-zuerich-zu-gast-bei-der-alpha-boxing-academy\/\" >\n\t\t\t\tStark im Team \u2013 Rotary Club Z\u00fcrich zu Gast bei der Alpha Boxing Academy\t\t\t<\/a>\n\t\t<\/h3>\n\t\t\t\t<div class=\"elementor-post__excerpt\">\n\t\t\t<p>Am Montag, 6. Oktober 2025, durften wir gemeinsam mit dem Rotary Club Z\u00fcrich im Rahmen des Ferienpasses Kindern aus benachteiligten Familien einen ganz besonderen Tag erm\u00f6glichen.<\/p>\n\t\t<\/div>\n\t\t\t\t<\/div>\n\t\t\t\t<\/article>\n\t\t\t\t<article class=\"elementor-post elementor-grid-item post-1496 post type-post status-publish format-standard has-post-thumbnail hentry category-allgemein category-taekwondo\" role=\"listitem\">\n\t\t\t\t<a class=\"elementor-post__thumbnail__link\" href=\"https:\/\/alpha-academy.ch\/wordpress\/2023\/08\/09\/zuerich-open-2023\/\" tabindex=\"-1\" >\n\t\t\t<div class=\"elementor-post__thumbnail\"><img decoding=\"async\" width=\"2560\" height=\"1769\" src=\"https:\/\/alpha-academy.ch\/wordpress\/wp-content\/uploads\/2023\/05\/MockupMaison_PO_Paris073-scaled.jpg\" class=\"attachment-full size-full wp-image-1186\" alt=\"\" srcset=\"https:\/\/alpha-academy.ch\/wordpress\/wp-content\/uploads\/2023\/05\/MockupMaison_PO_Paris073-scaled.jpg 2560w, https:\/\/alpha-academy.ch\/wordpress\/wp-content\/uploads\/2023\/05\/MockupMaison_PO_Paris073-300x207.jpg 300w, https:\/\/alpha-academy.ch\/wordpress\/wp-content\/uploads\/2023\/05\/MockupMaison_PO_Paris073-1024x707.jpg 1024w, https:\/\/alpha-academy.ch\/wordpress\/wp-content\/uploads\/2023\/05\/MockupMaison_PO_Paris073-768x531.jpg 768w, https:\/\/alpha-academy.ch\/wordpress\/wp-content\/uploads\/2023\/05\/MockupMaison_PO_Paris073-1536x1061.jpg 1536w, https:\/\/alpha-academy.ch\/wordpress\/wp-content\/uploads\/2023\/05\/MockupMaison_PO_Paris073-2048x1415.jpg 2048w\" sizes=\"(max-width: 2560px) 100vw, 2560px\" \/><\/div>\n\t\t<\/a>\n\t\t\t\t<div class=\"elementor-post__text\">\n\t\t\t\t<h3 class=\"elementor-post__title\">\n\t\t\t<a href=\"https:\/\/alpha-academy.ch\/wordpress\/2023\/08\/09\/zuerich-open-2023\/\" >\n\t\t\t\tZ\u00fcrich Open 2023\t\t\t<\/a>\n\t\t<\/h3>\n\t\t\t\t<div class=\"elementor-post__excerpt\">\n\t\t\t<p>2nd internationales Zurich Open. Organisiert durch Alpha Academy Z\u00fcrich und Z\u00fcri Taekwondo<\/p>\n\t\t<\/div>\n\t\t\t\t<\/div>\n\t\t\t\t<\/article>\n\t\t\t\t<article class=\"elementor-post elementor-grid-item post-597 post type-post status-publish format-standard has-post-thumbnail hentry category-boxing\" role=\"listitem\">\n\t\t\t\t<a class=\"elementor-post__thumbnail__link\" href=\"https:\/\/alpha-academy.ch\/wordpress\/2022\/11\/30\/js-kidsboxing\/\" tabindex=\"-1\" >\n\t\t\t<div class=\"elementor-post__thumbnail\"><img decoding=\"async\" width=\"1920\" height=\"2560\" src=\"https:\/\/alpha-academy.ch\/wordpress\/wp-content\/uploads\/2022\/12\/P1014812-scaled.jpg\" class=\"attachment-full size-full wp-image-853\" alt=\"\" srcset=\"https:\/\/alpha-academy.ch\/wordpress\/wp-content\/uploads\/2022\/12\/P1014812-scaled.jpg 1920w, https:\/\/alpha-academy.ch\/wordpress\/wp-content\/uploads\/2022\/12\/P1014812-225x300.jpg 225w, https:\/\/alpha-academy.ch\/wordpress\/wp-content\/uploads\/2022\/12\/P1014812-768x1024.jpg 768w, https:\/\/alpha-academy.ch\/wordpress\/wp-content\/uploads\/2022\/12\/P1014812-1152x1536.jpg 1152w, https:\/\/alpha-academy.ch\/wordpress\/wp-content\/uploads\/2022\/12\/P1014812-1536x2048.jpg 1536w\" sizes=\"(max-width: 1920px) 100vw, 1920px\" \/><\/div>\n\t\t<\/a>\n\t\t\t\t<div class=\"elementor-post__text\">\n\t\t\t\t<h3 class=\"elementor-post__title\">\n\t\t\t<a href=\"https:\/\/alpha-academy.ch\/wordpress\/2022\/11\/30\/js-kidsboxing\/\" >\n\t\t\t\tJ+S Kids Boxing 06.2022\t\t\t<\/a>\n\t\t<\/h3>\n\t\t\t\t<div class=\"elementor-post__excerpt\">\n\t\t\t<p>J+S Leiterkurs Kampfsport Kindersport Juni 2022 <\/p>\n\t\t<\/div>\n\t\t\t\t<\/div>\n\t\t\t\t<\/article>\n\t\t\t\t<article class=\"elementor-post elementor-grid-item post-596 post type-post status-publish format-standard has-post-thumbnail hentry category-allgemein category-taekwondo\" role=\"listitem\">\n\t\t\t\t<a class=\"elementor-post__thumbnail__link\" href=\"https:\/\/alpha-academy.ch\/wordpress\/2022\/11\/30\/zurichopen2022\/\" tabindex=\"-1\" >\n\t\t\t<div class=\"elementor-post__thumbnail\"><img loading=\"lazy\" decoding=\"async\" width=\"1707\" height=\"2560\" src=\"https:\/\/alpha-academy.ch\/wordpress\/wp-content\/uploads\/2022\/12\/DSC_0525-scaled.jpg\" class=\"attachment-full size-full wp-image-743\" alt=\"\" srcset=\"https:\/\/alpha-academy.ch\/wordpress\/wp-content\/uploads\/2022\/12\/DSC_0525-scaled.jpg 1707w, https:\/\/alpha-academy.ch\/wordpress\/wp-content\/uploads\/2022\/12\/DSC_0525-200x300.jpg 200w, https:\/\/alpha-academy.ch\/wordpress\/wp-content\/uploads\/2022\/12\/DSC_0525-683x1024.jpg 683w, https:\/\/alpha-academy.ch\/wordpress\/wp-content\/uploads\/2022\/12\/DSC_0525-768x1152.jpg 768w, https:\/\/alpha-academy.ch\/wordpress\/wp-content\/uploads\/2022\/12\/DSC_0525-1024x1536.jpg 1024w, https:\/\/alpha-academy.ch\/wordpress\/wp-content\/uploads\/2022\/12\/DSC_0525-1365x2048.jpg 1365w\" sizes=\"(max-width: 1707px) 100vw, 1707px\" \/><\/div>\n\t\t<\/a>\n\t\t\t\t<div class=\"elementor-post__text\">\n\t\t\t\t<h3 class=\"elementor-post__title\">\n\t\t\t<a href=\"https:\/\/alpha-academy.ch\/wordpress\/2022\/11\/30\/zurichopen2022\/\" >\n\t\t\t\tZ\u00fcrich Open 2022\t\t\t<\/a>\n\t\t<\/h3>\n\t\t\t\t<div class=\"elementor-post__excerpt\">\n\t\t\t<p>1st internationales Zurich Open. Organisiert durch Alpha Academy Z\u00fcrich und Z\u00fcri Taekwondo<\/p>\n\t\t<\/div>\n\t\t\t\t<\/div>\n\t\t\t\t<\/article>\n\t\t\t\t<\/div>\n\t\t\n\t\t\t\t\t\t<\/div>\n\t\t\t\t<\/div>\n\t\t\t\t\t<\/div>\n\t\t<\/div>\n\t\t\t\t\t<\/div>\n\t\t<\/section>\n\t\t\t\t<\/div>\n\t\t","protected":false},"excerpt":{"rendered":"<p>Big News Dich interessiert was wir gemacht haben, was wir machen und was wir machen werden? Dann bist du hier genau richtig. Mit unserem Blog wollen wir dir zeigen welche Projekte wir bew\u00e4ltigt haben und welche noch kommen.&nbsp; Wir w\u00fcnschen viel vergn\u00fcgen beim lesen.&nbsp;<\/p>\n","protected":false},"author":1,"featured_media":0,"parent":0,"menu_order":0,"comment_status":"closed","ping_status":"closed","template":"elementor_header_footer","meta":{"footnotes":""},"class_list":["post-552","page","type-page","status-publish","hentry"],"_links":{"self":[{"href":"https:\/\/alpha-academy.ch\/wordpress\/wp-json\/wp\/v2\/pages\/552","targetHints":{"allow":["GET"]}}],"collection":[{"href":"https:\/\/alpha-academy.ch\/wordpress\/wp-json\/wp\/v2\/pages"}],"about":[{"href":"https:\/\/alpha-academy.ch\/wordpress\/wp-json\/wp\/v2\/types\/page"}],"author":[{"embeddable":true,"href":"https:\/\/alpha-academy.ch\/wordpress\/wp-json\/wp\/v2\/users\/1"}],"replies":[{"embeddable":true,"href":"https:\/\/alpha-academy.ch\/wordpress\/wp-json\/wp\/v2\/comments?post=552"}],"version-history":[{"count":7,"href":"https:\/\/alpha-academy.ch\/wordpress\/wp-json\/wp\/v2\/pages\/552\/revisions"}],"predecessor-version":[{"id":1083,"href":"https:\/\/alpha-academy.ch\/wordpress\/wp-json\/wp\/v2\/pages\/552\/revisions\/1083"}],"wp:attachment":[{"href":"https:\/\/alpha-academy.ch\/wordpress\/wp-json\/wp\/v2\/media?parent=552"}],"curies":[{"name":"wp","href":"https:\/\/api.w.org\/{rel}","templated":true}]}}